{"id":2989,"date":"2023-04-22T23:11:35","date_gmt":"2023-04-22T23:11:35","guid":{"rendered":"http:\/\/skillplan.local\/learn\/?post_type=product&#038;p=2989"},"modified":"2026-01-02T19:23:59","modified_gmt":"2026-01-02T19:23:59","slug":"la-lecture-au-travail-guide-de-lanimateur","status":"publish","type":"product","link":"https:\/\/skillplan.ca\/learn\/product\/la-lecture-au-travail-guide-de-lanimateur\/","title":{"rendered":"La lecture au travail: Guide de l&#8217;animateur"},"content":{"rendered":"<p>La lecture au travail illustre la mani\u00e8re dont les comp\u00e9tences essentielles de lecture de texte et d\u2019utilisation de documents s\u2019appliquent au milieu de travail. Les activit\u00e9s des le\u00e7ons du Guide de l\u2019animateur contribuent \u00e0 introduire et prolonger les themes du Recueil de lecture professionnelle en proposant des strat\u00e9gies d\u2019apprentissage, en sugg\u00e9rant des activit\u00e9s ult\u00e9rieures et des documents sources suppl\u00e9mentaires. La lecture au travail permettra aux enseignants et aux animateurs de se concentrer sur la structure et les strat\u00e9gies de traitement de l\u2019information qui servent \u00e0 maximiser le succ\u00e8s de l\u2019apprenants et la comp\u00e9tence du travailleur.<\/p>\n","protected":false},"excerpt":{"rendered":"<p>La lecture au travail illustre la mani\u00e8re dont les comp\u00e9tences essentielles de lecture de texte et d\u2019utilisation de documents s\u2019appliquent au milieu de travail. Les activit\u00e9s des le\u00e7ons du Guide de l\u2019animateur contribuent \u00e0 introduire et prolonger les themes du Recueil de lecture professionnelle en proposant des strat\u00e9gies d\u2019apprentissage, en sugg\u00e9rant des activit\u00e9s ult\u00e9rieures et [&hellip;]<\/p>\n","protected":false},"featured_media":3024,"comment_status":"closed","ping_status":"closed","template":"","meta":{"_acf_changed":false,"inline_featured_image":false},"product_brand":[],"product_cat":[16,15],"product_tag":[],"class_list":{"0":"post-2989","1":"product","2":"type-product","3":"status-publish","4":"has-post-thumbnail","6":"product_cat-publications","7":"product_cat-uncategorized","9":"first","10":"instock","11":"taxable","12":"shipping-taxable","13":"purchasable","14":"product-type-simple"},"acf":[],"_links":{"self":[{"href":"https:\/\/skillplan.ca\/learn\/wp-json\/wp\/v2\/product\/2989","targetHints":{"allow":["GET"]}}],"collection":[{"href":"https:\/\/skillplan.ca\/learn\/wp-json\/wp\/v2\/product"}],"about":[{"href":"https:\/\/skillplan.ca\/learn\/wp-json\/wp\/v2\/types\/product"}],"replies":[{"embeddable":true,"href":"https:\/\/skillplan.ca\/learn\/wp-json\/wp\/v2\/comments?post=2989"}],"wp:featuredmedia":[{"embeddable":true,"href":"https:\/\/skillplan.ca\/learn\/wp-json\/wp\/v2\/media\/3024"}],"wp:attachment":[{"href":"https:\/\/skillplan.ca\/learn\/wp-json\/wp\/v2\/media?parent=2989"}],"wp:term":[{"taxonomy":"product_brand","embeddable":true,"href":"https:\/\/skillplan.ca\/learn\/wp-json\/wp\/v2\/product_brand?post=2989"},{"taxonomy":"product_cat","embeddable":true,"href":"https:\/\/skillplan.ca\/learn\/wp-json\/wp\/v2\/product_cat?post=2989"},{"taxonomy":"product_tag","embeddable":true,"href":"https:\/\/skillplan.ca\/learn\/wp-json\/wp\/v2\/product_tag?post=2989"}],"curies":[{"name":"wp","href":"https:\/\/api.w.org\/{rel}","templated":true}]}}